{"id":533,"date":"2025-10-23T14:26:18","date_gmt":"2025-10-23T14:26:18","guid":{"rendered":"https:\/\/carpento.hr\/?page_id=533"},"modified":"2025-10-23T14:27:48","modified_gmt":"2025-10-23T14:27:48","slug":"politika-kolacica","status":"publish","type":"page","link":"https:\/\/carpento.hr\/index.php\/politika-kolacica\/","title":{"rendered":"Politika kola\u010di\u0107a"},"content":{"rendered":"\t\t<div data-elementor-type=\"wp-page\" data-elementor-id=\"533\" class=\"elementor elementor-533\" data-elementor-post-type=\"page\">\n\t\t\t\t<div class=\"elementor-element elementor-element-f5a3e39 e-flex e-con-boxed e-con e-parent\" data-id=\"f5a3e39\" data-element_type=\"container\" data-e-type=\"container\">\n\t\t\t\t\t<div class=\"e-con-inner\">\n\t\t\t\t<div class=\"elementor-element elementor-element-5d90f8e elementor-widget elementor-widget-spacer\" data-id=\"5d90f8e\" data-element_type=\"widget\" data-e-type=\"widget\" data-widget_type=\"spacer.default\">\n\t\t\t\t\t\t\t<div class=\"elementor-spacer\">\n\t\t\t<div class=\"elementor-spacer-inner\"><\/div>\n\t\t<\/div>\n\t\t\t\t\t\t<\/div>\n\t\t\t\t<div class=\"elementor-element elementor-element-c192efb elementor-widget elementor-widget-text-editor\" data-id=\"c192efb\" data-element_type=\"widget\" data-e-type=\"widget\" data-widget_type=\"text-editor.default\">\n\t\t\t\t\t\t\t\t\t<h1 data-start=\"240\" data-end=\"264\"><strong data-start=\"243\" data-end=\"264\">Politika kola\u010di\u0107a<\/strong><\/h1><p data-start=\"266\" data-end=\"408\">Ova stranica koristi kola\u010di\u0107e (cookies) kako bi vam omogu\u0107ila bolje korisni\u010dko iskustvo i ispravno funkcioniranje svih elemenata web stranice.<\/p><p data-start=\"266\" data-end=\"408\">\u00a0<\/p><hr data-start=\"410\" data-end=\"413\" \/><h3 data-start=\"415\" data-end=\"441\">\u00a0<\/h3><h3 data-start=\"415\" data-end=\"441\"><strong data-start=\"419\" data-end=\"439\">\u0160to su kola\u010di\u0107i?<\/strong><\/h3><p data-start=\"442\" data-end=\"681\">Kola\u010di\u0107i su male tekstualne datoteke koje se pohranjuju na va\u0161 ure\u0111aj kada posjetite web stranicu.<br data-start=\"540\" data-end=\"543\" \/>Kori\u0161tenjem kola\u010di\u0107a, web stranica pamti va\u0161e postavke (npr. jezik, prikaz sadr\u017eaja, prijavu) i prikuplja anonimne podatke o posje\u0107enosti.<\/p><p data-start=\"442\" data-end=\"681\">\u00a0<\/p><hr data-start=\"683\" data-end=\"686\" \/><h3 data-start=\"688\" data-end=\"728\">\u00a0<\/h3><h3 data-start=\"688\" data-end=\"728\"><strong data-start=\"692\" data-end=\"726\">Koje vrste kola\u010di\u0107a koristimo?<\/strong><\/h3><p data-start=\"729\" data-end=\"785\">Na na\u0161oj web stranici koristimo sljede\u0107e vrste kola\u010di\u0107a:<\/p><ol data-start=\"787\" data-end=\"1138\"><li data-start=\"787\" data-end=\"905\"><p data-start=\"790\" data-end=\"905\"><strong data-start=\"790\" data-end=\"812\">Neophodni kola\u010di\u0107i<\/strong><br data-start=\"812\" data-end=\"815\" \/>Ovi kola\u010di\u0107i su potrebni za ispravno funkcioniranje stranice i ne mogu se isklju\u010diti.<\/p><\/li><li data-start=\"907\" data-end=\"1138\"><p data-start=\"910\" data-end=\"1138\"><strong data-start=\"910\" data-end=\"933\">Analiti\u010dki kola\u010di\u0107i<\/strong><br data-start=\"933\" data-end=\"936\" \/>Poma\u017eu nam razumjeti kako posjetitelji koriste na\u0161u stranicu (npr. putem Google Analyticsa) \u2013 svi podaci su anonimni i koriste se isklju\u010divo u svrhu pobolj\u0161anja sadr\u017eaja i funkcionalnosti stranice.<\/p><\/li><\/ol><p>\u00a0<\/p><hr data-start=\"1140\" data-end=\"1143\" \/><h3 data-start=\"1145\" data-end=\"1189\">\u00a0<\/h3><h3 data-start=\"1145\" data-end=\"1189\"><strong data-start=\"1149\" data-end=\"1187\">Kako mo\u017eete upravljati kola\u010di\u0107ima?<\/strong><\/h3><p data-start=\"1190\" data-end=\"1447\">Kola\u010di\u0107e mo\u017eete <strong data-start=\"1206\" data-end=\"1233\">kontrolirati i obrisati<\/strong> prema \u017eelji.<br data-start=\"1246\" data-end=\"1249\" \/>Ve\u0107ina preglednika automatski prihva\u0107a kola\u010di\u0107e, no mo\u017eete promijeniti postavke i odbiti ih ili obrisati postoje\u0107e.<br data-start=\"1364\" data-end=\"1367\" \/>U tom slu\u010daju, odre\u0111eni dijelovi web stranice mo\u017eda ne\u0107e ispravno funkcionirati.<\/p><p data-start=\"1190\" data-end=\"1447\">\u00a0<\/p><hr data-start=\"1449\" data-end=\"1452\" \/><h3 data-start=\"1454\" data-end=\"1490\">\u00a0<\/h3><h3 data-start=\"1454\" data-end=\"1490\"><strong data-start=\"1458\" data-end=\"1488\">Promjene politike kola\u010di\u0107a<\/strong><\/h3><p data-start=\"1491\" data-end=\"1689\">Carpento Stolarija mo\u017ee povremeno a\u017eurirati ovu politiku kako bi ostala uskla\u0111ena s promjenama u zakonodavstvu ili tehnologiji.<br data-start=\"1618\" data-end=\"1621\" \/>Sve izmjene bit \u0107e objavljene na ovoj stranici s a\u017euriranim datumom.<\/p><p data-start=\"1691\" data-end=\"1732\">\u00a0<\/p><p data-start=\"1691\" data-end=\"1732\"><strong data-start=\"1691\" data-end=\"1717\">Posljednje a\u017euriranje:<\/strong> listopad 2025.<\/p>\t\t\t\t\t\t\t\t<\/div>\n\t\t\t\t<div class=\"elementor-element elementor-element-835137e elementor-widget elementor-widget-spacer\" data-id=\"835137e\" data-element_type=\"widget\" data-e-type=\"widget\" data-widget_type=\"spacer.default\">\n\t\t\t\t\t\t\t<div class=\"elementor-spacer\">\n\t\t\t<div class=\"elementor-spacer-inner\"><\/div>\n\t\t<\/div>\n\t\t\t\t\t\t<\/div>\n\t\t\t\t\t<\/div>\n\t\t\t\t<\/div>\n\t\t\t\t<\/div>\n\t\t","protected":false},"excerpt":{"rendered":"<p>Politika kola\u010di\u0107a Ova stranica koristi kola\u010di\u0107e (cookies) kako bi vam omogu\u0107ila bolje korisni\u010dko iskustvo i ispravno funkcioniranje svih elemenata web stranice. \u00a0 \u00a0 \u0160to su kola\u010di\u0107i? Kola\u010di\u0107i su male tekstualne datoteke koje se pohranjuju na va\u0161 ure\u0111aj kada posjetite web stranicu.Kori\u0161tenjem kola\u010di\u0107a, web stranica pamti va\u0161e postavke (npr. jezik, prikaz sadr\u017eaja, prijavu) i prikuplja anonimne [&hellip;]<\/p>\n","protected":false},"author":1,"featured_media":0,"parent":0,"menu_order":0,"comment_status":"closed","ping_status":"closed","template":"","meta":{"footnotes":""},"class_list":["post-533","page","type-page","status-publish","hentry"],"yoast_head":"<!-- This site is optimized with the Yoast SEO plugin v27.3 - https:\/\/yoast.com\/product\/yoast-seo-wordpress\/ -->\n<title>Politika kola\u010di\u0107a - Carpento Stolarija<\/title>\n<meta name=\"robots\" content=\"index, follow, max-snippet:-1, max-image-preview:large, max-video-preview:-1\" \/>\n<link rel=\"canonical\" href=\"https:\/\/carpento.hr\/index.php\/politika-kolacica\/\" \/>\n<meta property=\"og:locale\" content=\"hr_HR\" \/>\n<meta property=\"og:type\" content=\"article\" \/>\n<meta property=\"og:title\" content=\"Politika kola\u010di\u0107a - Carpento Stolarija\" \/>\n<meta property=\"og:description\" content=\"Politika kola\u010di\u0107a Ova stranica koristi kola\u010di\u0107e (cookies) kako bi vam omogu\u0107ila bolje korisni\u010dko iskustvo i ispravno funkcioniranje svih elemenata web stranice. \u00a0 \u00a0 \u0160to su kola\u010di\u0107i? Kola\u010di\u0107i su male tekstualne datoteke koje se pohranjuju na va\u0161 ure\u0111aj kada posjetite web stranicu.Kori\u0161tenjem kola\u010di\u0107a, web stranica pamti va\u0161e postavke (npr. jezik, prikaz sadr\u017eaja, prijavu) i prikuplja anonimne [&hellip;]\" \/>\n<meta property=\"og:url\" content=\"https:\/\/carpento.hr\/index.php\/politika-kolacica\/\" \/>\n<meta property=\"og:site_name\" content=\"Carpento Stolarija\" \/>\n<meta property=\"article:modified_time\" content=\"2025-10-23T14:27:48+00:00\" \/>\n<meta name=\"twitter:card\" content=\"summary_large_image\" \/>\n<meta name=\"twitter:label1\" content=\"Procijenjeno vrijeme \u010ditanja\" \/>\n\t<meta name=\"twitter:data1\" content=\"1 minuta\" \/>\n<script type=\"application\/ld+json\" class=\"yoast-schema-graph\">{\"@context\":\"https:\\\/\\\/schema.org\",\"@graph\":[{\"@type\":\"WebPage\",\"@id\":\"https:\\\/\\\/carpento.hr\\\/index.php\\\/politika-kolacica\\\/\",\"url\":\"https:\\\/\\\/carpento.hr\\\/index.php\\\/politika-kolacica\\\/\",\"name\":\"Politika kola\u010di\u0107a - Carpento Stolarija\",\"isPartOf\":{\"@id\":\"https:\\\/\\\/carpento.hr\\\/#website\"},\"datePublished\":\"2025-10-23T14:26:18+00:00\",\"dateModified\":\"2025-10-23T14:27:48+00:00\",\"breadcrumb\":{\"@id\":\"https:\\\/\\\/carpento.hr\\\/index.php\\\/politika-kolacica\\\/#breadcrumb\"},\"inLanguage\":\"hr\",\"potentialAction\":[{\"@type\":\"ReadAction\",\"target\":[\"https:\\\/\\\/carpento.hr\\\/index.php\\\/politika-kolacica\\\/\"]}]},{\"@type\":\"BreadcrumbList\",\"@id\":\"https:\\\/\\\/carpento.hr\\\/index.php\\\/politika-kolacica\\\/#breadcrumb\",\"itemListElement\":[{\"@type\":\"ListItem\",\"position\":1,\"name\":\"Home\",\"item\":\"https:\\\/\\\/carpento.hr\\\/\"},{\"@type\":\"ListItem\",\"position\":2,\"name\":\"Politika kola\u010di\u0107a\"}]},{\"@type\":\"WebSite\",\"@id\":\"https:\\\/\\\/carpento.hr\\\/#website\",\"url\":\"https:\\\/\\\/carpento.hr\\\/\",\"name\":\"Carpento Stolarija\",\"description\":\"\",\"publisher\":{\"@id\":\"https:\\\/\\\/carpento.hr\\\/#organization\"},\"potentialAction\":[{\"@type\":\"SearchAction\",\"target\":{\"@type\":\"EntryPoint\",\"urlTemplate\":\"https:\\\/\\\/carpento.hr\\\/?s={search_term_string}\"},\"query-input\":{\"@type\":\"PropertyValueSpecification\",\"valueRequired\":true,\"valueName\":\"search_term_string\"}}],\"inLanguage\":\"hr\"},{\"@type\":\"Organization\",\"@id\":\"https:\\\/\\\/carpento.hr\\\/#organization\",\"name\":\"Carpento Stolarija\",\"url\":\"https:\\\/\\\/carpento.hr\\\/\",\"logo\":{\"@type\":\"ImageObject\",\"inLanguage\":\"hr\",\"@id\":\"https:\\\/\\\/carpento.hr\\\/#\\\/schema\\\/logo\\\/image\\\/\",\"url\":\"https:\\\/\\\/carpento.hr\\\/wp-content\\\/uploads\\\/2025\\\/10\\\/carpento-logo-e1764867615278.png\",\"contentUrl\":\"https:\\\/\\\/carpento.hr\\\/wp-content\\\/uploads\\\/2025\\\/10\\\/carpento-logo-e1764867615278.png\",\"width\":1526,\"height\":550,\"caption\":\"Carpento Stolarija\"},\"image\":{\"@id\":\"https:\\\/\\\/carpento.hr\\\/#\\\/schema\\\/logo\\\/image\\\/\"},\"sameAs\":[\"https:\\\/\\\/www.instagram.com\\\/carpento_stolarija\\\/\"]}]}<\/script>\n<!-- \/ Yoast SEO plugin. -->","yoast_head_json":{"title":"Politika kola\u010di\u0107a - Carpento Stolarija","robots":{"index":"index","follow":"follow","max-snippet":"max-snippet:-1","max-image-preview":"max-image-preview:large","max-video-preview":"max-video-preview:-1"},"canonical":"https:\/\/carpento.hr\/index.php\/politika-kolacica\/","og_locale":"hr_HR","og_type":"article","og_title":"Politika kola\u010di\u0107a - Carpento Stolarija","og_description":"Politika kola\u010di\u0107a Ova stranica koristi kola\u010di\u0107e (cookies) kako bi vam omogu\u0107ila bolje korisni\u010dko iskustvo i ispravno funkcioniranje svih elemenata web stranice. \u00a0 \u00a0 \u0160to su kola\u010di\u0107i? Kola\u010di\u0107i su male tekstualne datoteke koje se pohranjuju na va\u0161 ure\u0111aj kada posjetite web stranicu.Kori\u0161tenjem kola\u010di\u0107a, web stranica pamti va\u0161e postavke (npr. jezik, prikaz sadr\u017eaja, prijavu) i prikuplja anonimne [&hellip;]","og_url":"https:\/\/carpento.hr\/index.php\/politika-kolacica\/","og_site_name":"Carpento Stolarija","article_modified_time":"2025-10-23T14:27:48+00:00","twitter_card":"summary_large_image","twitter_misc":{"Procijenjeno vrijeme \u010ditanja":"1 minuta"},"schema":{"@context":"https:\/\/schema.org","@graph":[{"@type":"WebPage","@id":"https:\/\/carpento.hr\/index.php\/politika-kolacica\/","url":"https:\/\/carpento.hr\/index.php\/politika-kolacica\/","name":"Politika kola\u010di\u0107a - Carpento Stolarija","isPartOf":{"@id":"https:\/\/carpento.hr\/#website"},"datePublished":"2025-10-23T14:26:18+00:00","dateModified":"2025-10-23T14:27:48+00:00","breadcrumb":{"@id":"https:\/\/carpento.hr\/index.php\/politika-kolacica\/#breadcrumb"},"inLanguage":"hr","potentialAction":[{"@type":"ReadAction","target":["https:\/\/carpento.hr\/index.php\/politika-kolacica\/"]}]},{"@type":"BreadcrumbList","@id":"https:\/\/carpento.hr\/index.php\/politika-kolacica\/#breadcrumb","itemListElement":[{"@type":"ListItem","position":1,"name":"Home","item":"https:\/\/carpento.hr\/"},{"@type":"ListItem","position":2,"name":"Politika kola\u010di\u0107a"}]},{"@type":"WebSite","@id":"https:\/\/carpento.hr\/#website","url":"https:\/\/carpento.hr\/","name":"Carpento Stolarija","description":"","publisher":{"@id":"https:\/\/carpento.hr\/#organization"},"potentialAction":[{"@type":"SearchAction","target":{"@type":"EntryPoint","urlTemplate":"https:\/\/carpento.hr\/?s={search_term_string}"},"query-input":{"@type":"PropertyValueSpecification","valueRequired":true,"valueName":"search_term_string"}}],"inLanguage":"hr"},{"@type":"Organization","@id":"https:\/\/carpento.hr\/#organization","name":"Carpento Stolarija","url":"https:\/\/carpento.hr\/","logo":{"@type":"ImageObject","inLanguage":"hr","@id":"https:\/\/carpento.hr\/#\/schema\/logo\/image\/","url":"https:\/\/carpento.hr\/wp-content\/uploads\/2025\/10\/carpento-logo-e1764867615278.png","contentUrl":"https:\/\/carpento.hr\/wp-content\/uploads\/2025\/10\/carpento-logo-e1764867615278.png","width":1526,"height":550,"caption":"Carpento Stolarija"},"image":{"@id":"https:\/\/carpento.hr\/#\/schema\/logo\/image\/"},"sameAs":["https:\/\/www.instagram.com\/carpento_stolarija\/"]}]}},"_links":{"self":[{"href":"https:\/\/carpento.hr\/index.php\/wp-json\/wp\/v2\/pages\/533","targetHints":{"allow":["GET"]}}],"collection":[{"href":"https:\/\/carpento.hr\/index.php\/wp-json\/wp\/v2\/pages"}],"about":[{"href":"https:\/\/carpento.hr\/index.php\/wp-json\/wp\/v2\/types\/page"}],"author":[{"embeddable":true,"href":"https:\/\/carpento.hr\/index.php\/wp-json\/wp\/v2\/users\/1"}],"replies":[{"embeddable":true,"href":"https:\/\/carpento.hr\/index.php\/wp-json\/wp\/v2\/comments?post=533"}],"version-history":[{"count":10,"href":"https:\/\/carpento.hr\/index.php\/wp-json\/wp\/v2\/pages\/533\/revisions"}],"predecessor-version":[{"id":543,"href":"https:\/\/carpento.hr\/index.php\/wp-json\/wp\/v2\/pages\/533\/revisions\/543"}],"wp:attachment":[{"href":"https:\/\/carpento.hr\/index.php\/wp-json\/wp\/v2\/media?parent=533"}],"curies":[{"name":"wp","href":"https:\/\/api.w.org\/{rel}","templated":true}]}}