{"id":41,"date":"2025-10-16T15:05:23","date_gmt":"2025-10-16T15:05:23","guid":{"rendered":"https:\/\/carpento.hr\/?page_id=41"},"modified":"2025-12-04T17:16:43","modified_gmt":"2025-12-04T17:16:43","slug":"kontakt","status":"publish","type":"page","link":"https:\/\/carpento.hr\/index.php\/kontakt\/","title":{"rendered":"Kontakt"},"content":{"rendered":"\t\t<div data-elementor-type=\"wp-page\" data-elementor-id=\"41\" class=\"elementor elementor-41\" data-elementor-post-type=\"page\">\n\t\t\t\t<div class=\"elementor-element elementor-element-7982e61 e-con-full e-flex e-con e-parent\" data-id=\"7982e61\" data-element_type=\"container\" data-e-type=\"container\" data-settings=\"{&quot;background_background&quot;:&quot;slideshow&quot;,&quot;background_slideshow_gallery&quot;:[{&quot;id&quot;:38,&quot;url&quot;:&quot;https:\\\/\\\/carpento.hr\\\/wp-content\\\/uploads\\\/2025\\\/10\\\/9-scaled.png&quot;}],&quot;background_slideshow_loop&quot;:&quot;yes&quot;,&quot;background_slideshow_slide_duration&quot;:5000,&quot;background_slideshow_slide_transition&quot;:&quot;fade&quot;,&quot;background_slideshow_transition_duration&quot;:500}\">\n\t\t<div class=\"elementor-element elementor-element-fd2fb9f e-flex e-con-boxed elementor-invisible e-con e-child\" data-id=\"fd2fb9f\" data-element_type=\"container\" data-e-type=\"container\" data-settings=\"{&quot;background_background&quot;:&quot;classic&quot;,&quot;animation&quot;:&quot;fadeInLeft&quot;}\">\n\t\t\t\t\t<div class=\"e-con-inner\">\n\t\t\t\t<div class=\"elementor-element elementor-element-fe8c6ed elementor-widget elementor-widget-spacer\" data-id=\"fe8c6ed\" data-element_type=\"widget\" data-e-type=\"widget\" data-widget_type=\"spacer.default\">\n\t\t\t\t\t\t\t<div class=\"elementor-spacer\">\n\t\t\t<div class=\"elementor-spacer-inner\"><\/div>\n\t\t<\/div>\n\t\t\t\t\t\t<\/div>\n\t\t\t\t<div class=\"elementor-element elementor-element-6fe8ea1 elementor-widget elementor-widget-heading\" data-id=\"6fe8ea1\" data-element_type=\"widget\" data-e-type=\"widget\" data-widget_type=\"heading.default\">\n\t\t\t\t\t<h1 class=\"elementor-heading-title elementor-size-default\">Tu smo za <span class=\"highlight-text\">sva <\/span> va\u0161a pitanja<\/h1>\t\t\t\t<\/div>\n\t\t\t\t<div class=\"elementor-element elementor-element-6ca0912 elementor-widget elementor-widget-spacer\" data-id=\"6ca0912\" data-element_type=\"widget\" data-e-type=\"widget\" data-widget_type=\"spacer.default\">\n\t\t\t\t\t\t\t<div class=\"elementor-spacer\">\n\t\t\t<div class=\"elementor-spacer-inner\"><\/div>\n\t\t<\/div>\n\t\t\t\t\t\t<\/div>\n\t\t<div class=\"elementor-element elementor-element-093249f e-con-full e-flex e-con e-child\" data-id=\"093249f\" data-element_type=\"container\" data-e-type=\"container\">\n\t\t\t\t<div class=\"elementor-element elementor-element-b013f3a elementor-widget elementor-widget-text-editor\" data-id=\"b013f3a\" data-element_type=\"widget\" data-e-type=\"widget\" data-widget_type=\"text-editor.default\">\n\t\t\t\t\t\t\t\t\t<p>Imate ideju za kuhinju, ormar ili namje\u0161taj po mjeri? \u017delite moderni dizajn koji \u0107e savr\u0161eno odgovarati va\u0161em prostoru?<\/p><p>\u2028Javite nam se \u2013 rado \u0107emo saslu\u0161ati va\u0161e \u017eelje i pomo\u0107i vam da ih pretvorite u stvarnost.<\/p>\t\t\t\t\t\t\t\t<\/div>\n\t\t\t\t<\/div>\n\t\t\t\t\t<\/div>\n\t\t\t\t<\/div>\n\t\t\t\t<div class=\"elementor-element elementor-element-3bf5cf8 elementor-widget elementor-widget-spacer\" data-id=\"3bf5cf8\" data-element_type=\"widget\" data-e-type=\"widget\" data-widget_type=\"spacer.default\">\n\t\t\t\t\t\t\t<div class=\"elementor-spacer\">\n\t\t\t<div class=\"elementor-spacer-inner\"><\/div>\n\t\t<\/div>\n\t\t\t\t\t\t<\/div>\n\t\t\t\t<\/div>\n\t\t<div class=\"elementor-element elementor-element-4773520 e-flex e-con-boxed e-con e-parent\" data-id=\"4773520\" data-element_type=\"container\" data-e-type=\"container\">\n\t\t\t\t\t<div class=\"e-con-inner\">\n\t\t\t\t<div class=\"elementor-element elementor-element-b6f6c4d elementor-widget elementor-widget-spacer\" data-id=\"b6f6c4d\" data-element_type=\"widget\" data-e-type=\"widget\" data-widget_type=\"spacer.default\">\n\t\t\t\t\t\t\t<div class=\"elementor-spacer\">\n\t\t\t<div class=\"elementor-spacer-inner\"><\/div>\n\t\t<\/div>\n\t\t\t\t\t\t<\/div>\n\t\t\t\t\t<\/div>\n\t\t\t\t<\/div>\n\t\t<div class=\"elementor-element elementor-element-12cb65e e-flex e-con-boxed e-con e-parent\" data-id=\"12cb65e\" data-element_type=\"container\" data-e-type=\"container\">\n\t\t\t\t\t<div class=\"e-con-inner\">\n\t\t\t\t<div class=\"elementor-element elementor-element-33192d6 elementor-invisible elementor-widget elementor-widget-heading\" data-id=\"33192d6\" data-element_type=\"widget\" data-e-type=\"widget\" data-settings=\"{&quot;_animation&quot;:&quot;fadeIn&quot;}\" data-widget_type=\"heading.default\">\n\t\t\t\t\t<h2 class=\"elementor-heading-title elementor-size-default\">Po\u0161aljite nam poruku<\/h2>\t\t\t\t<\/div>\n\t\t<div class=\"elementor-element elementor-element-c84888d e-con-full e-flex e-con e-child\" data-id=\"c84888d\" data-element_type=\"container\" data-e-type=\"container\">\n\t\t\t\t<div class=\"elementor-element elementor-element-e154796 elementor-button-align-start elementor-widget elementor-widget-form\" data-id=\"e154796\" data-element_type=\"widget\" data-e-type=\"widget\" data-settings=\"{&quot;button_width&quot;:&quot;40&quot;,&quot;step_next_label&quot;:&quot;Next&quot;,&quot;step_previous_label&quot;:&quot;Previous&quot;,&quot;step_type&quot;:&quot;number_text&quot;,&quot;step_icon_shape&quot;:&quot;circle&quot;}\" data-widget_type=\"form.default\">\n\t\t\t\t\t\t\t<form class=\"elementor-form\" method=\"post\" name=\"New Form\" aria-label=\"New Form\">\n\t\t\t<input type=\"hidden\" name=\"post_id\" value=\"41\"\/>\n\t\t\t<input type=\"hidden\" name=\"form_id\" value=\"e154796\"\/>\n\t\t\t<input type=\"hidden\" name=\"referer_title\" value=\"Kontakt - Carpento Stolarija\" \/>\n\n\t\t\t\t\t\t\t<input type=\"hidden\" name=\"queried_id\" value=\"41\"\/>\n\t\t\t\n\t\t\t<div class=\"elementor-form-fields-wrapper elementor-labels-above\">\n\t\t\t\t\t\t\t\t<div class=\"elementor-field-type-text elementor-field-group elementor-column elementor-field-group-name elementor-col-100 elementor-field-required elementor-mark-required\">\n\t\t\t\t\t\t\t\t\t\t\t\t\t<input size=\"1\" type=\"text\" name=\"form_fields[name]\" id=\"form-field-name\" class=\"elementor-field elementor-size-sm  elementor-field-textual\" placeholder=\"Ime i prezime\" required=\"required\">\n\t\t\t\t\t\t\t\t\t\t\t<\/div>\n\t\t\t\t\t\t\t\t<div class=\"elementor-field-type-email elementor-field-group elementor-column elementor-field-group-email elementor-col-100 elementor-field-required elementor-mark-required\">\n\t\t\t\t\t\t\t\t\t\t\t\t\t<input size=\"1\" type=\"email\" name=\"form_fields[email]\" id=\"form-field-email\" class=\"elementor-field elementor-size-sm  elementor-field-textual\" placeholder=\"Email adresa\" required=\"required\">\n\t\t\t\t\t\t\t\t\t\t\t<\/div>\n\t\t\t\t\t\t\t\t<div class=\"elementor-field-type-tel elementor-field-group elementor-column elementor-field-group-message elementor-col-100\">\n\t\t\t\t\t\t\t<input size=\"1\" type=\"tel\" name=\"form_fields[message]\" id=\"form-field-message\" class=\"elementor-field elementor-size-sm  elementor-field-textual\" placeholder=\"Broj mobitela\" pattern=\"[0-9()#&amp;+*-=.]+\" title=\"Only numbers and phone characters (#, -, *, etc) are accepted.\">\n\n\t\t\t\t\t\t<\/div>\n\t\t\t\t\t\t\t\t<div class=\"elementor-field-type-text elementor-field-group elementor-column elementor-field-group-field_c236edd elementor-col-100 elementor-field-required elementor-mark-required\">\n\t\t\t\t\t\t\t\t\t\t\t\t\t<input size=\"1\" type=\"text\" name=\"form_fields[field_c236edd]\" id=\"form-field-field_c236edd\" class=\"elementor-field elementor-size-sm  elementor-field-textual\" placeholder=\"Poruka za nas\" required=\"required\">\n\t\t\t\t\t\t\t\t\t\t\t<\/div>\n\t\t\t\t\t\t\t\t<div class=\"elementor-field-group elementor-column elementor-field-type-submit elementor-col-40 e-form__buttons\">\n\t\t\t\t\t<button class=\"elementor-button elementor-size-xs\" type=\"submit\">\n\t\t\t\t\t\t<span class=\"elementor-button-content-wrapper\">\n\t\t\t\t\t\t\t\t\t\t\t\t\t\t\t<span class=\"elementor-button-icon\">\n\t\t\t\t\t\t\t\t\t<svg aria-hidden=\"true\" class=\"e-font-icon-svg e-fas-arrow-up\" viewBox=\"0 0 448 512\" xmlns=\"http:\/\/www.w3.org\/2000\/svg\"><path d=\"M34.9 289.5l-22.2-22.2c-9.4-9.4-9.4-24.6 0-33.9L207 39c9.4-9.4 24.6-9.4 33.9 0l194.3 194.3c9.4 9.4 9.4 24.6 0 33.9L413 289.4c-9.5 9.5-25 9.3-34.3-.4L264 168.6V456c0 13.3-10.7 24-24 24h-32c-13.3 0-24-10.7-24-24V168.6L69.2 289.1c-9.3 9.8-24.8 10-34.3.4z\"><\/path><\/svg>\t\t\t\t\t\t\t\t\t\t\t\t\t\t\t\t\t<\/span>\n\t\t\t\t\t\t\t\t\t\t\t\t\t\t\t\t\t\t\t\t\t\t<span class=\"elementor-button-text\">Kontaktirajte nas<\/span>\n\t\t\t\t\t\t\t\t\t\t\t\t\t<\/span>\n\t\t\t\t\t<\/button>\n\t\t\t\t<\/div>\n\t\t\t<\/div>\n\t\t<\/form>\n\t\t\t\t\t\t<\/div>\n\t\t\t\t<\/div>\n\t\t\t\t\t<\/div>\n\t\t\t\t<\/div>\n\t\t<div class=\"elementor-element elementor-element-4e2adfc e-flex e-con-boxed e-con e-parent\" data-id=\"4e2adfc\" data-element_type=\"container\" data-e-type=\"container\">\n\t\t\t\t\t<div class=\"e-con-inner\">\n\t\t\t\t<div class=\"elementor-element elementor-element-ed52cfd elementor-widget elementor-widget-spacer\" data-id=\"ed52cfd\" data-element_type=\"widget\" data-e-type=\"widget\" data-widget_type=\"spacer.default\">\n\t\t\t\t\t\t\t<div class=\"elementor-spacer\">\n\t\t\t<div class=\"elementor-spacer-inner\"><\/div>\n\t\t<\/div>\n\t\t\t\t\t\t<\/div>\n\t\t\t\t\t<\/div>\n\t\t\t\t<\/div>\n\t\t<div class=\"elementor-element elementor-element-a2bf5f8 e-flex e-con-boxed e-con e-parent\" data-id=\"a2bf5f8\" data-element_type=\"container\" data-e-type=\"container\">\n\t\t\t\t\t<div class=\"e-con-inner\">\n\t\t<div class=\"elementor-element elementor-element-d08dc5a e-con-full e-flex e-con e-child\" data-id=\"d08dc5a\" data-element_type=\"container\" data-e-type=\"container\">\n\t\t\t\t<div class=\"elementor-element elementor-element-2555b51 elementor-invisible elementor-widget elementor-widget-heading\" data-id=\"2555b51\" data-element_type=\"widget\" data-e-type=\"widget\" data-settings=\"{&quot;_animation&quot;:&quot;fadeIn&quot;}\" data-widget_type=\"heading.default\">\n\t\t\t\t\t<h2 class=\"elementor-heading-title elementor-size-default\">Direktni kontakt<\/h2>\t\t\t\t<\/div>\n\t\t\t\t<div class=\"elementor-element elementor-element-2fa46b7 elementor-widget elementor-widget-spacer\" data-id=\"2fa46b7\" data-element_type=\"widget\" data-e-type=\"widget\" data-widget_type=\"spacer.default\">\n\t\t\t\t\t\t\t<div class=\"elementor-spacer\">\n\t\t\t<div class=\"elementor-spacer-inner\"><\/div>\n\t\t<\/div>\n\t\t\t\t\t\t<\/div>\n\t\t\t\t<div class=\"elementor-element elementor-element-c2012de elementor-widget elementor-widget-text-editor\" data-id=\"c2012de\" data-element_type=\"widget\" data-e-type=\"widget\" data-widget_type=\"text-editor.default\">\n\t\t\t\t\t\t\t\t\t<p><strong>Email:<\/strong>\u00a0 info@carpento.hr<\/p>\t\t\t\t\t\t\t\t<\/div>\n\t\t\t\t<div class=\"elementor-element elementor-element-59f2dd0 elementor-widget elementor-widget-text-editor\" data-id=\"59f2dd0\" data-element_type=\"widget\" data-e-type=\"widget\" data-widget_type=\"text-editor.default\">\n\t\t\t\t\t\t\t\t\t<p><strong>Telefon:<\/strong>\u00a0 +385 98 918 6583<\/p>\t\t\t\t\t\t\t\t<\/div>\n\t\t\t\t<div class=\"elementor-element elementor-element-c0bf1b6 elementor-widget elementor-widget-text-editor\" data-id=\"c0bf1b6\" data-element_type=\"widget\" data-e-type=\"widget\" data-widget_type=\"text-editor.default\">\n\t\t\t\t\t\t\t\t\t<p><strong>Adresa:<\/strong>\u00a0 Sutlanske doline 1, Dubravica<\/p>\t\t\t\t\t\t\t\t<\/div>\n\t\t\t\t<div class=\"elementor-element elementor-element-b38866b elementor-widget elementor-widget-spacer\" data-id=\"b38866b\" data-element_type=\"widget\" data-e-type=\"widget\" data-widget_type=\"spacer.default\">\n\t\t\t\t\t\t\t<div class=\"elementor-spacer\">\n\t\t\t<div class=\"elementor-spacer-inner\"><\/div>\n\t\t<\/div>\n\t\t\t\t\t\t<\/div>\n\t\t\t\t<div class=\"elementor-element elementor-element-0c0be80 elementor-widget elementor-widget-text-editor\" data-id=\"0c0be80\" data-element_type=\"widget\" data-e-type=\"widget\" data-widget_type=\"text-editor.default\">\n\t\t\t\t\t\t\t\t\t<p><strong>Radimo u cijeloj Hrvatskoj, a locirani smo u okolici Zagreba.<\/strong><\/p>\t\t\t\t\t\t\t\t<\/div>\n\t\t\t\t<div class=\"elementor-element elementor-element-e3ca439 elementor-widget elementor-widget-text-editor\" data-id=\"e3ca439\" data-element_type=\"widget\" data-e-type=\"widget\" data-widget_type=\"text-editor.default\">\n\t\t\t\t\t\t\t\t\t<p><strong>Radimo u cijeloj Hrvatskoj, a locirani smo u okolici Zagreba.<\/strong><\/p>\t\t\t\t\t\t\t\t<\/div>\n\t\t\t\t<\/div>\n\t\t<div class=\"elementor-element elementor-element-1dddf20 e-con-full e-flex e-con e-child\" data-id=\"1dddf20\" data-element_type=\"container\" data-e-type=\"container\">\n\t\t\t\t<div class=\"elementor-element elementor-element-7b06044 elementor-invisible elementor-widget elementor-widget-image\" data-id=\"7b06044\" data-element_type=\"widget\" data-e-type=\"widget\" data-settings=\"{&quot;_animation&quot;:&quot;slideInRight&quot;}\" data-widget_type=\"image.default\">\n\t\t\t\t\t\t\t\t\t\t\t\t\t\t\t<img fetchpriority=\"high\" decoding=\"async\" width=\"800\" height=\"800\" src=\"https:\/\/carpento.hr\/wp-content\/uploads\/2025\/10\/3-1024x1024.jpg\" class=\"attachment-large size-large wp-image-308\" alt=\"\" srcset=\"https:\/\/carpento.hr\/wp-content\/uploads\/2025\/10\/3-1024x1024.jpg 1024w, https:\/\/carpento.hr\/wp-content\/uploads\/2025\/10\/3-300x300.jpg 300w, https:\/\/carpento.hr\/wp-content\/uploads\/2025\/10\/3-150x150.jpg 150w, https:\/\/carpento.hr\/wp-content\/uploads\/2025\/10\/3-768x768.jpg 768w, https:\/\/carpento.hr\/wp-content\/uploads\/2025\/10\/3-1536x1536.jpg 1536w, https:\/\/carpento.hr\/wp-content\/uploads\/2025\/10\/3-2048x2048.jpg 2048w\" sizes=\"(max-width: 800px) 100vw, 800px\" \/>\t\t\t\t\t\t\t\t\t\t\t\t\t\t\t<\/div>\n\t\t\t\t<\/div>\n\t\t\t\t\t<\/div>\n\t\t\t\t<\/div>\n\t\t<div class=\"elementor-element elementor-element-cd806dd e-flex e-con-boxed e-con e-parent\" data-id=\"cd806dd\" data-element_type=\"container\" data-e-type=\"container\">\n\t\t\t\t\t<div class=\"e-con-inner\">\n\t\t\t\t<div class=\"elementor-element elementor-element-bc36495 elementor-widget elementor-widget-spacer\" data-id=\"bc36495\" data-element_type=\"widget\" data-e-type=\"widget\" data-widget_type=\"spacer.default\">\n\t\t\t\t\t\t\t<div class=\"elementor-spacer\">\n\t\t\t<div class=\"elementor-spacer-inner\"><\/div>\n\t\t<\/div>\n\t\t\t\t\t\t<\/div>\n\t\t\t\t\t<\/div>\n\t\t\t\t<\/div>\n\t\t<div class=\"elementor-element elementor-element-7d0393c e-flex e-con-boxed e-con e-parent\" data-id=\"7d0393c\" data-element_type=\"container\" data-e-type=\"container\">\n\t\t\t\t\t<div class=\"e-con-inner\">\n\t\t\t\t<div class=\"elementor-element elementor-element-5327705 elementor-invisible elementor-widget elementor-widget-heading\" data-id=\"5327705\" data-element_type=\"widget\" data-e-type=\"widget\" data-settings=\"{&quot;_animation&quot;:&quot;fadeIn&quot;}\" data-widget_type=\"heading.default\">\n\t\t\t\t\t<h2 class=\"elementor-heading-title elementor-size-default\">Zapo\u010dnimo va\u0161 projekt ve\u0107 danas<\/h2>\t\t\t\t<\/div>\n\t\t\t\t<div class=\"elementor-element elementor-element-3a68e91 elementor-invisible elementor-widget elementor-widget-text-editor\" data-id=\"3a68e91\" data-element_type=\"widget\" data-e-type=\"widget\" data-settings=\"{&quot;_animation&quot;:&quot;fadeIn&quot;}\" data-widget_type=\"text-editor.default\">\n\t\t\t\t\t\t\t\t\t<p>Na\u0161 cilj je stvoriti funkcionalan i estetski namje\u0161taj koji \u0107e trajati godinama.<\/p><p>\u2028Po\u0161aljite nam poruku ili nas nazovite i dogovorimo konzultacije.<\/p>\t\t\t\t\t\t\t\t<\/div>\n\t\t\t\t<div class=\"elementor-element elementor-element-a8b03ae elementor-invisible elementor-widget elementor-widget-heading\" data-id=\"a8b03ae\" data-element_type=\"widget\" data-e-type=\"widget\" data-settings=\"{&quot;_animation&quot;:&quot;slideInUp&quot;}\" data-widget_type=\"heading.default\">\n\t\t\t\t\t<p class=\"elementor-heading-title elementor-size-default\"><a href=\"https:\/\/carpento.hr\/index.php\/kontakt\/\">Dogovorite konzultacije<\/a><\/p>\t\t\t\t<\/div>\n\t\t\t\t\t<\/div>\n\t\t\t\t<\/div>\n\t\t<div class=\"elementor-element elementor-element-19b3058 e-flex e-con-boxed e-con e-parent\" data-id=\"19b3058\" data-element_type=\"container\" data-e-type=\"container\">\n\t\t\t\t\t<div class=\"e-con-inner\">\n\t\t\t\t<div class=\"elementor-element elementor-element-2d61816 elementor-widget elementor-widget-spacer\" data-id=\"2d61816\" data-element_type=\"widget\" data-e-type=\"widget\" data-widget_type=\"spacer.default\">\n\t\t\t\t\t\t\t<div class=\"elementor-spacer\">\n\t\t\t<div class=\"elementor-spacer-inner\"><\/div>\n\t\t<\/div>\n\t\t\t\t\t\t<\/div>\n\t\t\t\t\t<\/div>\n\t\t\t\t<\/div>\n\t\t\t\t<\/div>\n\t\t","protected":false},"excerpt":{"rendered":"<p>Tu smo za sva va\u0161a pitanja Imate ideju za kuhinju, ormar ili namje\u0161taj po mjeri? \u017delite moderni dizajn koji \u0107e savr\u0161eno odgovarati va\u0161em prostoru? \u2028Javite nam se \u2013 rado \u0107emo saslu\u0161ati va\u0161e \u017eelje i pomo\u0107i vam da ih pretvorite u stvarnost. Po\u0161aljite nam poruku Direktni kontakt Email:\u00a0 info@carpento.hr Telefon:\u00a0 +385 98 918 6583 Adresa:\u00a0 Sutlanske [&hellip;]<\/p>\n","protected":false},"author":1,"featured_media":0,"parent":0,"menu_order":0,"comment_status":"closed","ping_status":"closed","template":"","meta":{"footnotes":""},"class_list":["post-41","page","type-page","status-publish","hentry"],"yoast_head":"<!-- This site is optimized with the Yoast SEO plugin v27.3 - https:\/\/yoast.com\/product\/yoast-seo-wordpress\/ -->\n<title>Kontakt - Carpento Stolarija<\/title>\n<meta name=\"description\" content=\"Kontaktirajte Carpento Stolariju za ponudu ili savjet. Izradit \u0107emo namje\u0161taj po mjeri koji se savr\u0161eno uklapa u va\u0161 dom.\" \/>\n<meta name=\"robots\" content=\"index, follow, max-snippet:-1, max-image-preview:large, max-video-preview:-1\" \/>\n<link rel=\"canonical\" href=\"https:\/\/carpento.hr\/index.php\/kontakt\/\" \/>\n<meta property=\"og:locale\" content=\"hr_HR\" \/>\n<meta property=\"og:type\" content=\"article\" \/>\n<meta property=\"og:title\" content=\"Kontakt - Carpento Stolarija\" \/>\n<meta property=\"og:description\" content=\"Kontaktirajte Carpento Stolariju za ponudu ili savjet. Izradit \u0107emo namje\u0161taj po mjeri koji se savr\u0161eno uklapa u va\u0161 dom.\" \/>\n<meta property=\"og:url\" content=\"https:\/\/carpento.hr\/index.php\/kontakt\/\" \/>\n<meta property=\"og:site_name\" content=\"Carpento Stolarija\" \/>\n<meta property=\"article:modified_time\" content=\"2025-12-04T17:16:43+00:00\" \/>\n<meta property=\"og:image\" content=\"https:\/\/carpento.hr\/wp-content\/uploads\/2025\/10\/3-scaled.jpg\" \/>\n\t<meta property=\"og:image:width\" content=\"2560\" \/>\n\t<meta property=\"og:image:height\" content=\"2560\" \/>\n\t<meta property=\"og:image:type\" content=\"image\/jpeg\" \/>\n<meta name=\"twitter:card\" content=\"summary_large_image\" \/>\n<script type=\"application\/ld+json\" class=\"yoast-schema-graph\">{\"@context\":\"https:\\\/\\\/schema.org\",\"@graph\":[{\"@type\":\"WebPage\",\"@id\":\"https:\\\/\\\/carpento.hr\\\/index.php\\\/kontakt\\\/\",\"url\":\"https:\\\/\\\/carpento.hr\\\/index.php\\\/kontakt\\\/\",\"name\":\"Kontakt - Carpento Stolarija\",\"isPartOf\":{\"@id\":\"https:\\\/\\\/carpento.hr\\\/#website\"},\"primaryImageOfPage\":{\"@id\":\"https:\\\/\\\/carpento.hr\\\/index.php\\\/kontakt\\\/#primaryimage\"},\"image\":{\"@id\":\"https:\\\/\\\/carpento.hr\\\/index.php\\\/kontakt\\\/#primaryimage\"},\"thumbnailUrl\":\"https:\\\/\\\/carpento.hr\\\/wp-content\\\/uploads\\\/2025\\\/10\\\/3-1024x1024.jpg\",\"datePublished\":\"2025-10-16T15:05:23+00:00\",\"dateModified\":\"2025-12-04T17:16:43+00:00\",\"description\":\"Kontaktirajte Carpento Stolariju za ponudu ili savjet. Izradit \u0107emo namje\u0161taj po mjeri koji se savr\u0161eno uklapa u va\u0161 dom.\",\"breadcrumb\":{\"@id\":\"https:\\\/\\\/carpento.hr\\\/index.php\\\/kontakt\\\/#breadcrumb\"},\"inLanguage\":\"hr\",\"potentialAction\":[{\"@type\":\"ReadAction\",\"target\":[\"https:\\\/\\\/carpento.hr\\\/index.php\\\/kontakt\\\/\"]}]},{\"@type\":\"ImageObject\",\"inLanguage\":\"hr\",\"@id\":\"https:\\\/\\\/carpento.hr\\\/index.php\\\/kontakt\\\/#primaryimage\",\"url\":\"https:\\\/\\\/carpento.hr\\\/wp-content\\\/uploads\\\/2025\\\/10\\\/3-scaled.jpg\",\"contentUrl\":\"https:\\\/\\\/carpento.hr\\\/wp-content\\\/uploads\\\/2025\\\/10\\\/3-scaled.jpg\",\"width\":2560,\"height\":2560},{\"@type\":\"BreadcrumbList\",\"@id\":\"https:\\\/\\\/carpento.hr\\\/index.php\\\/kontakt\\\/#breadcrumb\",\"itemListElement\":[{\"@type\":\"ListItem\",\"position\":1,\"name\":\"Home\",\"item\":\"https:\\\/\\\/carpento.hr\\\/\"},{\"@type\":\"ListItem\",\"position\":2,\"name\":\"Kontakt\"}]},{\"@type\":\"WebSite\",\"@id\":\"https:\\\/\\\/carpento.hr\\\/#website\",\"url\":\"https:\\\/\\\/carpento.hr\\\/\",\"name\":\"Carpento Stolarija\",\"description\":\"\",\"publisher\":{\"@id\":\"https:\\\/\\\/carpento.hr\\\/#organization\"},\"potentialAction\":[{\"@type\":\"SearchAction\",\"target\":{\"@type\":\"EntryPoint\",\"urlTemplate\":\"https:\\\/\\\/carpento.hr\\\/?s={search_term_string}\"},\"query-input\":{\"@type\":\"PropertyValueSpecification\",\"valueRequired\":true,\"valueName\":\"search_term_string\"}}],\"inLanguage\":\"hr\"},{\"@type\":\"Organization\",\"@id\":\"https:\\\/\\\/carpento.hr\\\/#organization\",\"name\":\"Carpento Stolarija\",\"url\":\"https:\\\/\\\/carpento.hr\\\/\",\"logo\":{\"@type\":\"ImageObject\",\"inLanguage\":\"hr\",\"@id\":\"https:\\\/\\\/carpento.hr\\\/#\\\/schema\\\/logo\\\/image\\\/\",\"url\":\"https:\\\/\\\/carpento.hr\\\/wp-content\\\/uploads\\\/2025\\\/10\\\/carpento-logo-e1764867615278.png\",\"contentUrl\":\"https:\\\/\\\/carpento.hr\\\/wp-content\\\/uploads\\\/2025\\\/10\\\/carpento-logo-e1764867615278.png\",\"width\":1526,\"height\":550,\"caption\":\"Carpento Stolarija\"},\"image\":{\"@id\":\"https:\\\/\\\/carpento.hr\\\/#\\\/schema\\\/logo\\\/image\\\/\"},\"sameAs\":[\"https:\\\/\\\/www.instagram.com\\\/carpento_stolarija\\\/\"]}]}<\/script>\n<!-- \/ Yoast SEO plugin. -->","yoast_head_json":{"title":"Kontakt - Carpento Stolarija","description":"Kontaktirajte Carpento Stolariju za ponudu ili savjet. Izradit \u0107emo namje\u0161taj po mjeri koji se savr\u0161eno uklapa u va\u0161 dom.","robots":{"index":"index","follow":"follow","max-snippet":"max-snippet:-1","max-image-preview":"max-image-preview:large","max-video-preview":"max-video-preview:-1"},"canonical":"https:\/\/carpento.hr\/index.php\/kontakt\/","og_locale":"hr_HR","og_type":"article","og_title":"Kontakt - Carpento Stolarija","og_description":"Kontaktirajte Carpento Stolariju za ponudu ili savjet. Izradit \u0107emo namje\u0161taj po mjeri koji se savr\u0161eno uklapa u va\u0161 dom.","og_url":"https:\/\/carpento.hr\/index.php\/kontakt\/","og_site_name":"Carpento Stolarija","article_modified_time":"2025-12-04T17:16:43+00:00","og_image":[{"width":2560,"height":2560,"url":"https:\/\/carpento.hr\/wp-content\/uploads\/2025\/10\/3-scaled.jpg","type":"image\/jpeg"}],"twitter_card":"summary_large_image","schema":{"@context":"https:\/\/schema.org","@graph":[{"@type":"WebPage","@id":"https:\/\/carpento.hr\/index.php\/kontakt\/","url":"https:\/\/carpento.hr\/index.php\/kontakt\/","name":"Kontakt - Carpento Stolarija","isPartOf":{"@id":"https:\/\/carpento.hr\/#website"},"primaryImageOfPage":{"@id":"https:\/\/carpento.hr\/index.php\/kontakt\/#primaryimage"},"image":{"@id":"https:\/\/carpento.hr\/index.php\/kontakt\/#primaryimage"},"thumbnailUrl":"https:\/\/carpento.hr\/wp-content\/uploads\/2025\/10\/3-1024x1024.jpg","datePublished":"2025-10-16T15:05:23+00:00","dateModified":"2025-12-04T17:16:43+00:00","description":"Kontaktirajte Carpento Stolariju za ponudu ili savjet. Izradit \u0107emo namje\u0161taj po mjeri koji se savr\u0161eno uklapa u va\u0161 dom.","breadcrumb":{"@id":"https:\/\/carpento.hr\/index.php\/kontakt\/#breadcrumb"},"inLanguage":"hr","potentialAction":[{"@type":"ReadAction","target":["https:\/\/carpento.hr\/index.php\/kontakt\/"]}]},{"@type":"ImageObject","inLanguage":"hr","@id":"https:\/\/carpento.hr\/index.php\/kontakt\/#primaryimage","url":"https:\/\/carpento.hr\/wp-content\/uploads\/2025\/10\/3-scaled.jpg","contentUrl":"https:\/\/carpento.hr\/wp-content\/uploads\/2025\/10\/3-scaled.jpg","width":2560,"height":2560},{"@type":"BreadcrumbList","@id":"https:\/\/carpento.hr\/index.php\/kontakt\/#breadcrumb","itemListElement":[{"@type":"ListItem","position":1,"name":"Home","item":"https:\/\/carpento.hr\/"},{"@type":"ListItem","position":2,"name":"Kontakt"}]},{"@type":"WebSite","@id":"https:\/\/carpento.hr\/#website","url":"https:\/\/carpento.hr\/","name":"Carpento Stolarija","description":"","publisher":{"@id":"https:\/\/carpento.hr\/#organization"},"potentialAction":[{"@type":"SearchAction","target":{"@type":"EntryPoint","urlTemplate":"https:\/\/carpento.hr\/?s={search_term_string}"},"query-input":{"@type":"PropertyValueSpecification","valueRequired":true,"valueName":"search_term_string"}}],"inLanguage":"hr"},{"@type":"Organization","@id":"https:\/\/carpento.hr\/#organization","name":"Carpento Stolarija","url":"https:\/\/carpento.hr\/","logo":{"@type":"ImageObject","inLanguage":"hr","@id":"https:\/\/carpento.hr\/#\/schema\/logo\/image\/","url":"https:\/\/carpento.hr\/wp-content\/uploads\/2025\/10\/carpento-logo-e1764867615278.png","contentUrl":"https:\/\/carpento.hr\/wp-content\/uploads\/2025\/10\/carpento-logo-e1764867615278.png","width":1526,"height":550,"caption":"Carpento Stolarija"},"image":{"@id":"https:\/\/carpento.hr\/#\/schema\/logo\/image\/"},"sameAs":["https:\/\/www.instagram.com\/carpento_stolarija\/"]}]}},"_links":{"self":[{"href":"https:\/\/carpento.hr\/index.php\/wp-json\/wp\/v2\/pages\/41","targetHints":{"allow":["GET"]}}],"collection":[{"href":"https:\/\/carpento.hr\/index.php\/wp-json\/wp\/v2\/pages"}],"about":[{"href":"https:\/\/carpento.hr\/index.php\/wp-json\/wp\/v2\/types\/page"}],"author":[{"embeddable":true,"href":"https:\/\/carpento.hr\/index.php\/wp-json\/wp\/v2\/users\/1"}],"replies":[{"embeddable":true,"href":"https:\/\/carpento.hr\/index.php\/wp-json\/wp\/v2\/comments?post=41"}],"version-history":[{"count":67,"href":"https:\/\/carpento.hr\/index.php\/wp-json\/wp\/v2\/pages\/41\/revisions"}],"predecessor-version":[{"id":723,"href":"https:\/\/carpento.hr\/index.php\/wp-json\/wp\/v2\/pages\/41\/revisions\/723"}],"wp:attachment":[{"href":"https:\/\/carpento.hr\/index.php\/wp-json\/wp\/v2\/media?parent=41"}],"curies":[{"name":"wp","href":"https:\/\/api.w.org\/{rel}","templated":true}]}}